{"id":1105,"date":"2022-08-07T13:32:21","date_gmt":"2022-08-07T13:32:21","guid":{"rendered":"https:\/\/www.mauricibatallaveterinaris.cat\/politica-de-privacidad\/"},"modified":"2024-09-20T08:19:34","modified_gmt":"2024-09-20T08:19:34","slug":"politica-de-privacidad","status":"publish","type":"page","link":"https:\/\/www.mauricibatallaveterinaris.cat\/es\/politica-de-privacidad\/","title":{"rendered":"Pol\u00edtica de privacidad"},"content":{"rendered":"\n[et_pb_section fb_built=\u00bb1&#8243; theme_builder_area=\u00bbpost_content\u00bb _builder_version=\u00bb4.17.6&#8243; _module_preset=\u00bbdefault\u00bb][et_pb_row _builder_version=\u00bb4.17.6&#8243; _module_preset=\u00bbdefault\u00bb theme_builder_area=\u00bbpost_content\u00bb][et_pb_column _builder_version=\u00bb4.17.6&#8243; _module_preset=\u00bbdefault\u00bb type=\u00bb4_4&#8243; theme_builder_area=\u00bbpost_content\u00bb][et_pb_text _builder_version=\u00bb4.17.6&#8243; _module_preset=\u00bbdefault\u00bb theme_builder_area=\u00bbpost_content\u00bb hover_enabled=\u00bb0&#8243; sticky_enabled=\u00bb0&#8243; header_font=\u00bbInria Serif||||||||\u00bb header_3_font=\u00bbInria Serif||||||||\u00bb]<h1>Pol\u00edtica de privacidad<\/h1>\n<p>&nbsp;<\/p>\n<h3>Responsable del Tratamiento<\/h3>\n<p>&nbsp;<\/p>\n<p>La empresa responsable del tratamiento de sus datos en virtud de esta Pol\u00edtica de privacidad es:<\/p>\n<p>onM\u00cdNIMA INVASI\u00d3 DE CATALUNYA, SLP<br>NIF: B67010819<br>Domicilio: C\/ Uni\u00f3, 63 -08800 Vilanova i la Geltr\u00fa (Barcelona)<br>Direcci\u00f3 de correo electronico: clinica@mauricibatallaveterinaris.cat<br>Web: mauricibatallaveterinaris.cat<br>Tel\u00e9fono: 931 94 55 49<br>Inscrita en el Registro Mercantil de Barcelona, Volumen 45950 Folio 143 Hoja B 503929 inscripci\u00f3n 1<\/p>\n<p>En M\u00cdNIMA INVASI\u00d3 DE CATALUNYA, SLP reconocemos la importancia de proteger su informaci\u00f3n personal y estamos comprometidos a tratarla con responsabilidad y de conformidad con las leyes de protecci\u00f3n de datos.<\/p>\n<p>La presente pol\u00edtica de privacidad pretende regular todos los aspectos relativos al tratamiento de datos de los distintos usuarios que navegue o faciliten los suyos a trav\u00e9s de los diferentes formularios situados en la web.<\/p>\n<p>&nbsp;<\/p>\n<h3>Datos Personales<\/h3>\n<p>&nbsp;<\/p>\n<p>Un dato personal es la informaci\u00f3n que le identifica o lo hace identificable. A trav\u00e9s de la web, en las casillas establecidas a tal efecto recogemos los datos personales que el usuario nos comunica: nombre, apellidos, correo electr\u00f3nico, tel\u00e9fono, direcci\u00f3n postal, poblaci\u00f3n, etc., as\u00ed como todos aquellos datos que voluntariamente nos proporcione a trav\u00e9s de cualquiera de las redes sociales en las que el usuario est\u00e1 registrado. En tal caso, la privacidad depender\u00e1 de la configuraci\u00f3n establecida por el propio usuario as\u00ed como de los t\u00e9rminos y condiciones de la propia red social.  <\/p>\n<p>La visita del usuario a la web no implica que deba facilitar ninguna informaci\u00f3n sobre sus datos personales. No obstante, en caso de facilitarlos, los datos ser\u00e1n tratados de forma l\u00edcita de conformidad en todo momento a los principios y derechos recogidos en el RGPD 2016\/679 de 26 de abril y la LOPDGDD 3\/2018 de 5 de diciembre. <\/p>\n<p>&nbsp;<\/p>\n<h3>Finalidad, duraci\u00f3n y legitimaci\u00f3n del tratamiento<\/h3>\n<p>&nbsp;<\/p>\n<p>Los datos que el usuario nos proporcione los trataremos con las siguientes finalidades:<br>Atender la solicitud o petici\u00f3n realizada por el usuario a trav\u00e9s del formulario de contacto situado en la web. Recogemos y tratamos los datos personales del usuario para poder tramitar y gestionar su solicitud, consulta o cualquier petici\u00f3n que realiza a trav\u00e9s del formulario. Estos datos los conservamos durante el tiempo necesario para cumplir su petici\u00f3n y durante el tiempo establecido por la ley con una duraci\u00f3n m\u00ednima de 3 a\u00f1os.  <\/p>\n<p>La base de legitimaci\u00f3n del tratamiento de los datos ser\u00e1 el consentimiento que el usuario otorga al seleccionar la casilla de aceptaci\u00f3n de nuestra pol\u00edtica de privacidad antes de enviar la petici\u00f3n. El usuario tiene derecho a revocar su consentimiento en cualquier momento sin que ello afecte a la licitud del tratamiento basado en el consentimiento previo a su retirada. <\/p>\n<p>Enviar boletines y newletters sobre los servicios que ofrece M\u00cdNIMA INVASI\u00d3 DE CATALUNYA, SLP. Bajo el consentimiento del usuario recopilamos y tratamos sus datos personales para poder enviarle informaci\u00f3n sobre nuestros servicios. <\/p>\n<p>Estos datos los conservaremos mientras el usuario no revoque su consentimiento al tratamiento de los mismos y durante el tiempo establecido por la ley con una duraci\u00f3n m\u00ednima de 3 a\u00f1os.<\/p>\n<p>La base de legitimaci\u00f3n del tratamiento de sus datos ser\u00e1 el consentimiento que otorga el usuario al seleccionar la casilla de aceptaci\u00f3n de nuestra pol\u00edtica de privacidad antes de suscribirse a la newsletter en el formulario habilitado a tal efecto en la web. El usuario tiene derecho a revocar su consentimiento en cualquier momento sin que ello afecte a la licitud del tratamiento basado en el consentimiento previo a su retirada. <\/p>\n<p>Mejorar su experiencia al navegar por la web. Estos datos los conservaremos mientras el usuario no revoque su consentimiento al tratamiento de \u00e9stas eliminando las cookies y durante el tiempo establecido por la ley con una duraci\u00f3n m\u00ednima de 3 a\u00f1os. <\/p>\n<p>La base de legitimaci\u00f3n para mejorar su experiencia al navegar por la web es el consentimiento que otorga el usuario al aceptar las cookies. El usuario tiene derecho a revocar su consentimiento en cualquier momento sin que ello afecte a la licitud del tratamiento basado en el consentimiento previo a su retirada. <\/p>\n<p>Gestionar nuestras redes sociales y enviarle informaci\u00f3n sobre nuestras actividades y productos. Estos datos los conservaremos mientras el usuario no revoque su consentimiento al tratamiento de \u00e9stos y durante el tiempo establecido por la ley con una duraci\u00f3n m\u00ednima de 3 a\u00f1os. <\/p>\n<p>La base de leg\u00edtimaci\u00f3n para gestionar nuestras redes sociales y enviarle nuestras actividades y novedades es el consentimiento que nos concede para ello. El usuario tiene derecho a revocar su consentimiento en cualquier momento sin que ello afecte a la licitud del tratamiento basado en el consentimiento previo a su retirada. <\/p>\n<p>Gestionar el env\u00edo de encuestas de satisfacci\u00f3n sobre los servicios solicitados para mejorar d\u00eda a d\u00eda la experiencia de nuestros clientes. Los datos de car\u00e1cter personal se suprimir\u00e1n una vez concluida la encuesta as\u00ed como el tiempo razonable para realizar mejoras, activar nuevos servicios y cumplir los requisitos que exija la legislaci\u00f3n aplicable. <\/p>\n<p>El tratamiento de sus datos se basar\u00e1 en el inter\u00e9s leg\u00edtimo por mejorar la calidad del servicio cuando el usuario haya contratado los servicios del Responsable. De no existir tal relaci\u00f3n contractual, el tratamiento de datos se basar\u00e1 en el consentimiento del usuario recogido en la normativa actual vigente. Asimismo, en caso de retirar su consentimiento a cualquiera de los tratamientos, esto no afectar\u00e1 a la licitud de los tratamientos efectuados con anterioridad.  <\/p>\n<p>&nbsp;<\/p>\n<h3>Cesi\u00f3n o comunicaci\u00f3n de datos personales<\/h3>\n<p>&nbsp;<\/p>\n<p>Sus datos no se comunicar\u00e1n ni ser\u00e1n cedidos a terceros, salvo que exista alguna obligaci\u00f3n legal o aquellas empresas vinculadas al Responsable que act\u00faen como Encargados del tratamiento.<\/p>\n<p>&nbsp;<\/p>\n<h3>Transferencias internacionales<\/h3>\n<p>&nbsp;<\/p>\n<p>En M\u00cdNIMA INVASI\u00d3 DE CATALUNYA, SLP tratamos sus datos dentro del Espacio Econ\u00f3mico Europeo y, a todos los efectos, contratamos prestadores de servicios ubicados tambi\u00e9n dentro del Espacio Econ\u00f3mico Europeo o en pa\u00edses que han sido declarados con un nivel adecuado de protecci\u00f3n.<br>Si necesitamos utilizar proveedores de servicios que realicen tratamientos fuera del Espacio Econ\u00f3mico Europeo o en pa\u00edses que no han sido declarados con un nivel adecuado de protecci\u00f3n, nos asegurar\u00edamos de garantizar la seguridad y legitimidad del tratamiento de sus datos mediante decisiones de adecuaci\u00f3n , cl\u00e1usulas tipos, normas corporativas vinculantes, excepciones o cualquier otro instrumento aprobado por la autoridad de control que ofrezca las garant\u00edas adecuadas para la realizaci\u00f3n de la transferencia internacional de datos.<\/p>\n<p>Asimismo, informamos que para el env\u00edo de newsletters o boletines informativos, el RESPONSABLE podr\u00e1 utilizar los servicios de Mailchimp cuyos servidores se encuentran en EE.UU. No obstante este prestamista, dispone de cl\u00e1usulas contractuales tipo, de conformidad con el art\u00edculo 46 del RGPD que legitiman la transferencia internacional de datos personales. <\/p>\n<p>&nbsp;<\/p>\n<h3>Actualizaci\u00f3n de datos<\/h3>\n<p>&nbsp;<\/p>\n<p>Es importante que para que podamos mantener los datos personales actualizados, el usuario nos informe siempre que haya habido alguna modificaci\u00f3n en \u00e9stos, de lo contrario, no respondemos de su veracidad.<\/p>\n<p>El usuario garantiza que los datos personales facilitados son veraces garantizando que toda la informaci\u00f3n facilitada corresponde con la situaci\u00f3n real, puesta al d\u00eda y exacta, quedando obligado a comunicar cualquier modificaci\u00f3n.<\/p>\n<p>&nbsp;<\/p>\n<h3>Datos de Terceros<\/h3>\n<p>&nbsp;<\/p>\n<p>Si el usuario facilita datos de terceras personas para cualquier finalidad en M\u00cdNIMA INVASI\u00d3 DE CATALNYA, SLP, garantiza que ha obtenido estos datos de forma l\u00edcita, que ha informado previamente a los afectados, obteniendo su consentimiento para comunicarlos y que la informaci\u00f3n facilitada es exacta y veraz.<\/p>\n<p>&nbsp;<\/p>\n<h3>Car\u00e1cter obligatorio de la informaci\u00f3n solicitada<\/h3>\n<p>&nbsp;<\/p>\n<p>Todos nuestros formularios cuentan con un asterisco (*) en los datos obligatorios. Si el usuario no llena estos campos o no marca la casilla de aceptaci\u00f3n de la pol\u00edtica de privacidad, no se permitir\u00e1 el env\u00edo de la informaci\u00f3n. <\/p>\n<p>&nbsp;<\/p>\n<h3>Derechos de los interesados<\/h3>\n<p>&nbsp;<\/p>\n<p>Tiene derecho a acceder a sus datos y obtener confirmaci\u00f3n sobre su tratamiento, as\u00ed como una copia de los datos personales objeto de tratamiento. Tiene derecho a actualizarlos y a solicitar la rectificaci\u00f3n de los datos que sean inexactos o solicitar la supresi\u00f3n cuando los datos no sean necesarios para los fines por los que fueron recabados. Puede solicitar la limitaci\u00f3n en el tratamiento de sus datos y oponerse al tratamiento de los mismos revocando su consentimiento, as\u00ed como ejercer el derecho a la portabilidad de los mismos<br>datos. Del mismo modo, tiene derecho a no ser objeto de decisiones basadas \u00fanicamente en el tratamiento automatizado de sus<br>datos personales. Puede ejercitar sus derechos contactando con nosotros C\/ Uni\u00f3, 63 &#8211; 08800 Vilanova i la Geltr\u00fa (Barcelona) o en el correo electr\u00f3nico clinica@mauricibatallaveterinaris.cat.    <\/p>\n<p>Si considera que sus derechos no se han atendido debidamente, tiene derecho a presentar una reclamaci\u00f3n ante la Autoridad de Control en<br><a href=\"http:\/\/www.aepd.es\">www.aepd.es<\/a>.<\/p>\n<p>&nbsp;<\/p>\n<h3>Tratamiento de datos de Menores de edad<\/h3>\n<p>Quien facilita los datos a trav\u00e9s de los formularios de esta web y acepta su tratamiento declara ser mayor de 14 a\u00f1os, quedando prohibido el acceso y uso del portal a menores de esa edad. Si en alg\u00fan momento, el Responsable detecta que un menor de 14 a\u00f1os ha proporcionado datos de car\u00e1cter personal, procederemos a su cancelaci\u00f3n. Asimismo, los padres o tutores podr\u00e1n en cualquier caso dirigirse a M\u00cdNIMA INVASI\u00d3 DE CATALUNYA, SLP para bloquear la cuenta de acceso de los menores a su cargo que se hubiesen registrado falseando su identidad.  <\/p>\n<p>&nbsp;<\/p>\n<h3>Tratamiento de Cookies<\/h3>\n<p>&nbsp;<\/p>\n<p>Una cookie es un peque\u00f1o archivo que se descarga y almacena en el ordenador del usuario cuando \u00e9ste accede a una p\u00e1gina web.<\/p>\n<p>Las cookies permiten en la web, entre otras cosas, almacenar y recuperar informaci\u00f3n sobre los h\u00e1bitos de navegaci\u00f3n del usuario de su equipo y, dependiendo de la informaci\u00f3n que contengan y de la forma en que utilice su equipo, pueden utilizarse para reconocer al usuario.<\/p>\n<p>El usuario tiene la opci\u00f3n de impedir la generaci\u00f3n de cookies mediante la selecci\u00f3n de la correspondiente opci\u00f3n en su programa de navegador. Puede obtener m\u00e1s informaci\u00f3n leyendo nuestra Pol\u00edtica de Cookies. <\/p>[\/et_pb_text][\/et_pb_column][\/et_pb_row][\/et_pb_section]\n","protected":false},"excerpt":{"rendered":"<p>Pol\u00edtica de privacidad &nbsp; Responsable del Tratamiento &nbsp; La empresa responsable del tratamiento de sus datos en virtud de esta Pol\u00edtica de privacidad es: onM\u00cdNIMA INVASI\u00d3 DE CATALUNYA, SLPNIF: B67010819Domicilio: C\/ Uni\u00f3, 63 -08800 Vilanova i la Geltr\u00fa (Barcelona)Direcci\u00f3 de correo electronico: clinica@mauricibatallaveterinaris.catWeb: mauricibatallaveterinaris.catTel\u00e9fono: 931 94 55 49Inscrita en el Registro Mercantil de Barcelona, Volumen [&hellip;]<\/p>\n","protected":false},"author":1,"featured_media":0,"parent":0,"menu_order":0,"comment_status":"closed","ping_status":"closed","template":"","meta":{"_et_pb_use_builder":"on","_et_pb_old_content":"","_et_gb_content_width":"","_monsterinsights_skip_tracking":false,"_monsterinsights_sitenote_active":false,"_monsterinsights_sitenote_note":"","_monsterinsights_sitenote_category":0,"footnotes":""},"class_list":["post-1105","page","type-page","status-publish","hentry"],"yoast_head":"<!-- This site is optimized with the Yoast SEO plugin v24.6 - https:\/\/yoast.com\/wordpress\/plugins\/seo\/ -->\n<title>Pol\u00edtica de privacidad - Maurici Batalla Veterinaris<\/title>\n<meta name=\"robots\" content=\"noindex, follow\" \/>\n<meta property=\"og:locale\" content=\"es_ES\" \/>\n<meta property=\"og:type\" content=\"article\" \/>\n<meta property=\"og:title\" content=\"Pol\u00edtica de privacidad - Maurici Batalla Veterinaris\" \/>\n<meta property=\"og:description\" content=\"Pol\u00edtica de privacidad &nbsp; Responsable del Tratamiento &nbsp; La empresa responsable del tratamiento de sus datos en virtud de esta Pol\u00edtica de privacidad es: onM\u00cdNIMA INVASI\u00d3 DE CATALUNYA, SLPNIF: B67010819Domicilio: C\/ Uni\u00f3, 63 -08800 Vilanova i la Geltr\u00fa (Barcelona)Direcci\u00f3 de correo electronico: clinica@mauricibatallaveterinaris.catWeb: mauricibatallaveterinaris.catTel\u00e9fono: 931 94 55 49Inscrita en el Registro Mercantil de Barcelona, Volumen [&hellip;]\" \/>\n<meta property=\"og:url\" content=\"https:\/\/www.mauricibatallaveterinaris.cat\/es\/politica-de-privacidad\/\" \/>\n<meta property=\"og:site_name\" content=\"Maurici Batalla Veterinaris\" \/>\n<meta property=\"article:publisher\" content=\"https:\/\/www.facebook.com\/endoscopiaveterinariamovil\/\" \/>\n<meta property=\"article:modified_time\" content=\"2024-09-20T08:19:34+00:00\" \/>\n<meta name=\"twitter:card\" content=\"summary_large_image\" \/>\n<meta name=\"twitter:label1\" content=\"Tiempo de lectura\" \/>\n\t<meta name=\"twitter:data1\" content=\"9 minutos\" \/>\n<script type=\"application\/ld+json\" class=\"yoast-schema-graph\">{\"@context\":\"https:\/\/schema.org\",\"@graph\":[{\"@type\":\"WebPage\",\"@id\":\"https:\/\/www.mauricibatallaveterinaris.cat\/es\/politica-de-privacidad\/\",\"url\":\"https:\/\/www.mauricibatallaveterinaris.cat\/es\/politica-de-privacidad\/\",\"name\":\"Pol\u00edtica de privacidad - Maurici Batalla Veterinaris\",\"isPartOf\":{\"@id\":\"https:\/\/www.mauricibatallaveterinaris.cat\/es\/#website\"},\"datePublished\":\"2022-08-07T13:32:21+00:00\",\"dateModified\":\"2024-09-20T08:19:34+00:00\",\"breadcrumb\":{\"@id\":\"https:\/\/www.mauricibatallaveterinaris.cat\/es\/politica-de-privacidad\/#breadcrumb\"},\"inLanguage\":\"es\",\"potentialAction\":[{\"@type\":\"ReadAction\",\"target\":[\"https:\/\/www.mauricibatallaveterinaris.cat\/es\/politica-de-privacidad\/\"]}]},{\"@type\":\"BreadcrumbList\",\"@id\":\"https:\/\/www.mauricibatallaveterinaris.cat\/es\/politica-de-privacidad\/#breadcrumb\",\"itemListElement\":[{\"@type\":\"ListItem\",\"position\":1,\"name\":\"Inici\",\"item\":\"https:\/\/www.mauricibatallaveterinaris.cat\/es\/\"},{\"@type\":\"ListItem\",\"position\":2,\"name\":\"Pol\u00edtica de privacidad\"}]},{\"@type\":\"WebSite\",\"@id\":\"https:\/\/www.mauricibatallaveterinaris.cat\/es\/#website\",\"url\":\"https:\/\/www.mauricibatallaveterinaris.cat\/es\/\",\"name\":\"Maurici Batalla Veterinaris\",\"description\":\"Cirurgia animal de m&iacute;nima invasi&oacute;, Maurici Batalla Veterinaris\",\"publisher\":{\"@id\":\"https:\/\/www.mauricibatallaveterinaris.cat\/es\/#organization\"},\"potentialAction\":[{\"@type\":\"SearchAction\",\"target\":{\"@type\":\"EntryPoint\",\"urlTemplate\":\"https:\/\/www.mauricibatallaveterinaris.cat\/es\/?s={search_term_string}\"},\"query-input\":{\"@type\":\"PropertyValueSpecification\",\"valueRequired\":true,\"valueName\":\"search_term_string\"}}],\"inLanguage\":\"es\"},{\"@type\":\"Organization\",\"@id\":\"https:\/\/www.mauricibatallaveterinaris.cat\/es\/#organization\",\"name\":\"Maurici Batalla Veterinaris\",\"url\":\"https:\/\/www.mauricibatallaveterinaris.cat\/es\/\",\"logo\":{\"@type\":\"ImageObject\",\"inLanguage\":\"es\",\"@id\":\"https:\/\/www.mauricibatallaveterinaris.cat\/es\/#\/schema\/logo\/image\/\",\"url\":\"https:\/\/www.mauricibatallaveterinaris.cat\/wp-content\/uploads\/2024\/09\/cropped-Maurici-Batalla-Veterinaris-logo-512-2.png\",\"contentUrl\":\"https:\/\/www.mauricibatallaveterinaris.cat\/wp-content\/uploads\/2024\/09\/cropped-Maurici-Batalla-Veterinaris-logo-512-2.png\",\"width\":512,\"height\":512,\"caption\":\"Maurici Batalla Veterinaris\"},\"image\":{\"@id\":\"https:\/\/www.mauricibatallaveterinaris.cat\/es\/#\/schema\/logo\/image\/\"},\"sameAs\":[\"https:\/\/www.facebook.com\/endoscopiaveterinariamovil\/\",\"https:\/\/www.instagram.com\/mauricibatallaveterinaris\/\",\"https:\/\/es.linkedin.com\/in\/maurici-batalla-0a833013b\",\"https:\/\/www.youtube.com\/channel\/UC0SQPrFP1-m_rFyG0_XuvMA\"]}]}<\/script>\n<!-- \/ Yoast SEO plugin. -->","yoast_head_json":{"title":"Pol\u00edtica de privacidad - Maurici Batalla Veterinaris","robots":{"index":"noindex","follow":"follow"},"og_locale":"es_ES","og_type":"article","og_title":"Pol\u00edtica de privacidad - Maurici Batalla Veterinaris","og_description":"Pol\u00edtica de privacidad &nbsp; Responsable del Tratamiento &nbsp; La empresa responsable del tratamiento de sus datos en virtud de esta Pol\u00edtica de privacidad es: onM\u00cdNIMA INVASI\u00d3 DE CATALUNYA, SLPNIF: B67010819Domicilio: C\/ Uni\u00f3, 63 -08800 Vilanova i la Geltr\u00fa (Barcelona)Direcci\u00f3 de correo electronico: clinica@mauricibatallaveterinaris.catWeb: mauricibatallaveterinaris.catTel\u00e9fono: 931 94 55 49Inscrita en el Registro Mercantil de Barcelona, Volumen [&hellip;]","og_url":"https:\/\/www.mauricibatallaveterinaris.cat\/es\/politica-de-privacidad\/","og_site_name":"Maurici Batalla Veterinaris","article_publisher":"https:\/\/www.facebook.com\/endoscopiaveterinariamovil\/","article_modified_time":"2024-09-20T08:19:34+00:00","twitter_card":"summary_large_image","twitter_misc":{"Tiempo de lectura":"9 minutos"},"schema":{"@context":"https:\/\/schema.org","@graph":[{"@type":"WebPage","@id":"https:\/\/www.mauricibatallaveterinaris.cat\/es\/politica-de-privacidad\/","url":"https:\/\/www.mauricibatallaveterinaris.cat\/es\/politica-de-privacidad\/","name":"Pol\u00edtica de privacidad - Maurici Batalla Veterinaris","isPartOf":{"@id":"https:\/\/www.mauricibatallaveterinaris.cat\/es\/#website"},"datePublished":"2022-08-07T13:32:21+00:00","dateModified":"2024-09-20T08:19:34+00:00","breadcrumb":{"@id":"https:\/\/www.mauricibatallaveterinaris.cat\/es\/politica-de-privacidad\/#breadcrumb"},"inLanguage":"es","potentialAction":[{"@type":"ReadAction","target":["https:\/\/www.mauricibatallaveterinaris.cat\/es\/politica-de-privacidad\/"]}]},{"@type":"BreadcrumbList","@id":"https:\/\/www.mauricibatallaveterinaris.cat\/es\/politica-de-privacidad\/#breadcrumb","itemListElement":[{"@type":"ListItem","position":1,"name":"Inici","item":"https:\/\/www.mauricibatallaveterinaris.cat\/es\/"},{"@type":"ListItem","position":2,"name":"Pol\u00edtica de privacidad"}]},{"@type":"WebSite","@id":"https:\/\/www.mauricibatallaveterinaris.cat\/es\/#website","url":"https:\/\/www.mauricibatallaveterinaris.cat\/es\/","name":"Maurici Batalla Veterinaris","description":"Cirurgia animal de m&iacute;nima invasi&oacute;, Maurici Batalla Veterinaris","publisher":{"@id":"https:\/\/www.mauricibatallaveterinaris.cat\/es\/#organization"},"potentialAction":[{"@type":"SearchAction","target":{"@type":"EntryPoint","urlTemplate":"https:\/\/www.mauricibatallaveterinaris.cat\/es\/?s={search_term_string}"},"query-input":{"@type":"PropertyValueSpecification","valueRequired":true,"valueName":"search_term_string"}}],"inLanguage":"es"},{"@type":"Organization","@id":"https:\/\/www.mauricibatallaveterinaris.cat\/es\/#organization","name":"Maurici Batalla Veterinaris","url":"https:\/\/www.mauricibatallaveterinaris.cat\/es\/","logo":{"@type":"ImageObject","inLanguage":"es","@id":"https:\/\/www.mauricibatallaveterinaris.cat\/es\/#\/schema\/logo\/image\/","url":"https:\/\/www.mauricibatallaveterinaris.cat\/wp-content\/uploads\/2024\/09\/cropped-Maurici-Batalla-Veterinaris-logo-512-2.png","contentUrl":"https:\/\/www.mauricibatallaveterinaris.cat\/wp-content\/uploads\/2024\/09\/cropped-Maurici-Batalla-Veterinaris-logo-512-2.png","width":512,"height":512,"caption":"Maurici Batalla Veterinaris"},"image":{"@id":"https:\/\/www.mauricibatallaveterinaris.cat\/es\/#\/schema\/logo\/image\/"},"sameAs":["https:\/\/www.facebook.com\/endoscopiaveterinariamovil\/","https:\/\/www.instagram.com\/mauricibatallaveterinaris\/","https:\/\/es.linkedin.com\/in\/maurici-batalla-0a833013b","https:\/\/www.youtube.com\/channel\/UC0SQPrFP1-m_rFyG0_XuvMA"]}]}},"_links":{"self":[{"href":"https:\/\/www.mauricibatallaveterinaris.cat\/es\/wp-json\/wp\/v2\/pages\/1105","targetHints":{"allow":["GET"]}}],"collection":[{"href":"https:\/\/www.mauricibatallaveterinaris.cat\/es\/wp-json\/wp\/v2\/pages"}],"about":[{"href":"https:\/\/www.mauricibatallaveterinaris.cat\/es\/wp-json\/wp\/v2\/types\/page"}],"author":[{"embeddable":true,"href":"https:\/\/www.mauricibatallaveterinaris.cat\/es\/wp-json\/wp\/v2\/users\/1"}],"replies":[{"embeddable":true,"href":"https:\/\/www.mauricibatallaveterinaris.cat\/es\/wp-json\/wp\/v2\/comments?post=1105"}],"version-history":[{"count":1,"href":"https:\/\/www.mauricibatallaveterinaris.cat\/es\/wp-json\/wp\/v2\/pages\/1105\/revisions"}],"predecessor-version":[{"id":1106,"href":"https:\/\/www.mauricibatallaveterinaris.cat\/es\/wp-json\/wp\/v2\/pages\/1105\/revisions\/1106"}],"wp:attachment":[{"href":"https:\/\/www.mauricibatallaveterinaris.cat\/es\/wp-json\/wp\/v2\/media?parent=1105"}],"curies":[{"name":"wp","href":"https:\/\/api.w.org\/{rel}","templated":true}]}}